{"id":2138,"date":"2024-04-16T07:10:59","date_gmt":"2024-04-16T07:10:59","guid":{"rendered":"https:\/\/steelwave.pl\/product\/mirroround-72\/"},"modified":"2025-08-19T09:46:00","modified_gmt":"2025-08-19T09:46:00","slug":"mirroround-72","status":"publish","type":"product","link":"https:\/\/steelwave.pl\/en\/product\/mirroround-72\/","title":{"rendered":"MirroRound 72"},"content":{"rendered":"<div class=\"wysiwyg-content\">\n    <h3>Product detalis<\/h3>\n<p>\u201eMirroRound 72\u201d is a coffee table, precisely crafted from high-quality uncoated stainless steel, available in two finishes: high-gloss polished steel (premium option) or brushed steel.<\/p>\n<\/div>\n\n\n<div class=\"accordion-tab \">\n    <input class=\"accordion-tab__checkbox\" type=\"checkbox\" checked>\n    <h2 class=\"accordion-tab__header\">Dimensions<\/h2>\n    <div class=\"accordion-tab__content\">\n        <div class=\"wysiwyg-content\">\n            <p><img loading=\"lazy\" decoding=\"async\" class=\"alignnone size-full wp-image-881\" src=\"https:\/\/steelwave.pl\/app\/uploads\/2024\/04\/Waec-rzut-B.png\" alt=\"\" width=\"1318\" height=\"951\" srcset=\"https:\/\/steelwave.pl\/app\/uploads\/2024\/04\/Waec-rzut-B.png 1318w, https:\/\/steelwave.pl\/app\/uploads\/2024\/04\/Waec-rzut-B-1024x739.png 1024w, https:\/\/steelwave.pl\/app\/uploads\/2024\/04\/Waec-rzut-B-300x216.png 300w\" sizes=\"auto, (max-width: 1318px) 100vw, 1318px\" \/> <img loading=\"lazy\" decoding=\"async\" class=\"alignnone wp-image-883 size-full\" src=\"https:\/\/steelwave.pl\/app\/uploads\/2024\/04\/Walec-perspektywa.png\" alt=\"\" width=\"1318\" height=\"951\" srcset=\"https:\/\/steelwave.pl\/app\/uploads\/2024\/04\/Walec-perspektywa.png 1318w, https:\/\/steelwave.pl\/app\/uploads\/2024\/04\/Walec-perspektywa-1024x739.png 1024w, https:\/\/steelwave.pl\/app\/uploads\/2024\/04\/Walec-perspektywa-300x216.png 300w\" sizes=\"auto, (max-width: 1318px) 100vw, 1318px\" \/> <img loading=\"lazy\" decoding=\"async\" class=\"alignnone wp-image-885 size-full\" src=\"https:\/\/steelwave.pl\/app\/uploads\/2024\/04\/Walec-rzut-C.png\" alt=\"\" width=\"1318\" height=\"951\" srcset=\"https:\/\/steelwave.pl\/app\/uploads\/2024\/04\/Walec-rzut-C.png 1318w, https:\/\/steelwave.pl\/app\/uploads\/2024\/04\/Walec-rzut-C-1024x739.png 1024w, https:\/\/steelwave.pl\/app\/uploads\/2024\/04\/Walec-rzut-C-300x216.png 300w\" sizes=\"auto, (max-width: 1318px) 100vw, 1318px\" \/><\/p>\n<table style=\"border-collapse: collapse; width: 100%; height: 72px;\">\n<tbody>\n<tr style=\"height: 24px;\">\n<td style=\"width: 15.9794%; height: 24px;\">Height<\/td>\n<td style=\"width: 84.0206%; height: 24px;\">45 cm<\/td>\n<\/tr>\n<tr style=\"height: 24px;\">\n<td style=\"width: 15.9794%; height: 24px;\">Diameter<\/td>\n<td style=\"width: 84.0206%; height: 24px;\">35 cm<\/td>\n<\/tr>\n<tr style=\"height: 24px;\">\n<td style=\"width: 15.9794%; height: 24px;\">Weight<\/td>\n<td style=\"width: 84.0206%; height: 24px;\">14,2 kg<\/td>\n<\/tr>\n<\/tbody>\n<\/table>\n        <\/div>\n            <\/div>\n<\/div>\n\n\n<div class=\"accordion-tab \">\n    <input class=\"accordion-tab__checkbox\" type=\"checkbox\" checked>\n    <h2 class=\"accordion-tab__header\">Details<\/h2>\n    <div class=\"accordion-tab__content\">\n        <div class=\"wysiwyg-content\">\n            <p>The table is made entirely of high-gloss polished stainless steel. Its surface has been protected with wax and a self-healing coating that helps prevent scratches on the tabletop.<\/p>\n        <\/div>\n            <\/div>\n<\/div>\n\n\n<div class=\"accordion-tab \">\n    <input class=\"accordion-tab__checkbox\" type=\"checkbox\" checked>\n    <h2 class=\"accordion-tab__header\">Delivery<\/h2>\n    <div class=\"accordion-tab__content\">\n        <div class=\"wysiwyg-content\">\n            <p>Steel Wave collaborates with leading courier companies. The product will be carefully packed and secured, then transported directly to your doorstep with inside delivery included.<\/p>\n        <\/div>\n            <\/div>\n<\/div>\n\n\n<div class=\"accordion-tab \">\n    <input class=\"accordion-tab__checkbox\" type=\"checkbox\" checked>\n    <h2 class=\"accordion-tab__header\">Waiting time<\/h2>\n    <div class=\"accordion-tab__content\">\n        <div class=\"wysiwyg-content\">\n            <p>2-6 weeks<\/p>\n        <\/div>\n            <\/div>\n<\/div>\n\n\n<div class=\"accordion-tab \">\n    <input class=\"accordion-tab__checkbox\" type=\"checkbox\" checked>\n    <h2 class=\"accordion-tab__header\">Assembly<\/h2>\n    <div class=\"accordion-tab__content\">\n        <div class=\"wysiwyg-content\">\n            <p>No assembly required.<\/p>\n        <\/div>\n            <\/div>\n<\/div>\n\n\n<div class=\"accordion-tab  accordion-tab--disabled\">\n    <input class=\"accordion-tab__checkbox\" type=\"checkbox\" checked>\n    <h2 class=\"accordion-tab__header\">Files available for download<\/h2>\n    <div class=\"accordion-tab__content\">\n        <div class=\"wysiwyg-content\">\n                    <\/div>\n                                <div class=\"wysiwyg-files\">\n                                    <a href=\"https:\/\/steelwave.pl\/app\/uploads\/2024\/04\/KARTA-GWARANCYJNA-3.pdf\" download class=\"wysiwyg-files__item\">Download the warranty card<\/a>\n                                    <a href=\"https:\/\/steelwave.pl\/app\/uploads\/2024\/04\/STEEL-WAVE-Mirror-Round-72-.stp_.zip\" download class=\"wysiwyg-files__item\">Download the 3D model<\/a>\n                            <\/div>\n            <\/div>\n<\/div>","protected":false},"excerpt":{"rendered":"<div dir=\"ltr\">\n<div class=\"input-box\" spellcheck=\"false\">\n<div id=\"waffle-rich-text-editor\" class=\"cell-input editable disabled-input\" dir=\"ltr\" tabindex=\"0\" role=\"combobox\" contenteditable=\"false\" aria-autocomplete=\"list\" aria-label=\"H4\">Stolik zosta\u0142 wykonany w ca\u0142o\u015bci ze stali nierdzewnej polerowanej na wysoki po\u0142ysk. Powierzchnia zosta\u0142a zabezpieczona woskiem oraz pow\u0142ok\u0105 samoodnawialn\u0105, chroni\u0105c\u0105 przed zarysowaniem oraz palcowaniem.<\/div>\n<\/div>\n<\/div>\n<div>\u00a0<\/div>\n","protected":false},"featured_media":476,"comment_status":"open","ping_status":"closed","template":"","meta":{"_acf_changed":true},"product_brand":[],"product_cat":[72],"product_tag":[],"class_list":{"0":"post-2138","1":"product","2":"type-product","3":"status-publish","4":"has-post-thumbnail","6":"product_cat-mirror-collection-en","8":"first","9":"outofstock","10":"shipping-taxable","11":"purchasable","12":"product-type-variable","13":"has-default-attributes"},"acf":[],"_links":{"self":[{"href":"https:\/\/steelwave.pl\/en\/wp-json\/wp\/v2\/product\/2138","targetHints":{"allow":["GET"]}}],"collection":[{"href":"https:\/\/steelwave.pl\/en\/wp-json\/wp\/v2\/product"}],"about":[{"href":"https:\/\/steelwave.pl\/en\/wp-json\/wp\/v2\/types\/product"}],"replies":[{"embeddable":true,"href":"https:\/\/steelwave.pl\/en\/wp-json\/wp\/v2\/comments?post=2138"}],"wp:featuredmedia":[{"embeddable":true,"href":"https:\/\/steelwave.pl\/en\/wp-json\/wp\/v2\/media\/476"}],"wp:attachment":[{"href":"https:\/\/steelwave.pl\/en\/wp-json\/wp\/v2\/media?parent=2138"}],"wp:term":[{"taxonomy":"product_brand","embeddable":true,"href":"https:\/\/steelwave.pl\/en\/wp-json\/wp\/v2\/product_brand?post=2138"},{"taxonomy":"product_cat","embeddable":true,"href":"https:\/\/steelwave.pl\/en\/wp-json\/wp\/v2\/product_cat?post=2138"},{"taxonomy":"product_tag","embeddable":true,"href":"https:\/\/steelwave.pl\/en\/wp-json\/wp\/v2\/product_tag?post=2138"}],"curies":[{"name":"wp","href":"https:\/\/api.w.org\/{rel}","templated":true}]}}